{"id":4095,"date":"2021-07-12T13:27:11","date_gmt":"2021-07-12T11:27:11","guid":{"rendered":"https:\/\/www.arbitrationassociation.org\/?page_id=4095"},"modified":"2022-01-30T12:53:23","modified_gmt":"2022-01-30T11:53:23","slug":"commodity-arbitration","status":"publish","type":"page","link":"https:\/\/www.arbitrationassociation.org\/en\/belgrade-arbitration-center\/commodity-arbitration\/","title":{"rendered":"Commodity Arbitration"},"content":{"rendered":"<p>[vc_row css_animation=&#8221;&#8221; row_type=&#8221;row&#8221; use_row_as_full_screen_section=&#8221;no&#8221; type=&#8221;full_width&#8221; angled_section=&#8221;no&#8221; text_align=&#8221;left&#8221; background_image_as_pattern=&#8221;without_pattern&#8221;][vc_column][vc_row_inner row_type=&#8221;row&#8221; type=&#8221;full_width&#8221; text_align=&#8221;left&#8221; css_animation=&#8221;&#8221;][vc_column_inner][\/vc_column_inner][\/vc_row_inner][vc_column_text css=&#8221;.vc_custom_1626090761647{margin-top: 60px !important;}&#8221;]<\/p>\n<p style=\"text-align: left;\">BAC administers arbitration in disputes arising from transactions at the Commodity Exchange in Novi Sad. The Commodity Exchange is well known for its trade in agricultural commodities, but it has recently broadened the scope of its activities into trading in metals, ores, alloys and energy-generating products.<\/p>\n<p style=\"text-align: left;\">The Rules of the Belgrade Arbitration Center on Commodity Arbitration (the Belgrade Rules on Commodity Arbitration) were adopted on 26 March 2018, and started to apply on 21 June 2021.<\/p>\n<p>[\/vc_column_text][vc_row_inner row_type=&#8221;row&#8221; type=&#8221;full_width&#8221; text_align=&#8221;left&#8221; css_animation=&#8221;&#8221;][vc_column_inner][vc_single_image image=&#8221;4090&#8243; img_size=&#8221;large&#8221; alignment=&#8221;center&#8221; qode_css_animation=&#8221;&#8221;][\/vc_column_inner][\/vc_row_inner][vc_row_inner row_type=&#8221;row&#8221; type=&#8221;full_width&#8221; text_align=&#8221;left&#8221; css_animation=&#8221;&#8221;][vc_column_inner][vc_column_text css=&#8221;.vc_custom_1643543561311{margin-top: 60px !important;}&#8221;]<\/p>\n<p style=\"text-align: left;\">Arbitrators are appointed from the list of arbitrators qualified for resolving commodity disputes kept by BAC. The arbitrators on the list have completed a course on commodity trading organized by the Commodity Exchange in Novi Sad. The arbitrators must remain impartial and independent from the Commodity Exchange, the parties in dispute, their counsel and the subject-matter of the dispute.<\/p>\n<p style=\"text-align: left;\">The Belgrade Rules on Commodity Arbitration in the Serbian language are <strong><a href=\"https:\/\/www.arbitrationassociation.org\/wp-content\/uploads\/2021\/07\/Pravilnik-o-resavanju-berzanskih-sporova.pdf\" target=\"_blank\" rel=\"noopener\">available here<\/a><\/strong>.<\/p>\n<p style=\"text-align: left;\">The current list of arbitrators qualified for resolving commodity disputes is <a href=\"https:\/\/www.arbitrationassociation.org\/wp-content\/uploads\/2022\/01\/Lista-kvalifikovanih-arbitara-za-resavanje-berzanskih-sporova-1.docx\"><strong>available here<\/strong><\/a>.<\/p>\n<p>[\/vc_column_text][\/vc_column_inner][\/vc_row_inner][\/vc_column][\/vc_row][vc_row css_animation=&#8221;&#8221; row_type=&#8221;row&#8221; use_row_as_full_screen_section=&#8221;no&#8221; type=&#8221;full_width&#8221; angled_section=&#8221;no&#8221; text_align=&#8221;left&#8221; background_image_as_pattern=&#8221;without_pattern&#8221; css=&#8221;.vc_custom_1626088735497{margin-top: 80px !important;}&#8221; z_index=&#8221;&#8221;][vc_column][vc_column_text]<\/p>\n<h4>Arbitrators<\/h4>\n<p>[\/vc_column_text][vc_separator type=&#8221;small&#8221; position=&#8221;left&#8221; up=&#8221;15&#8243;][\/vc_column][\/vc_row][vc_row css_animation=&#8221;&#8221; row_type=&#8221;row&#8221; use_row_as_full_screen_section=&#8221;no&#8221; type=&#8221;full_width&#8221; angled_section=&#8221;no&#8221; text_align=&#8221;left&#8221; background_image_as_pattern=&#8221;without_pattern&#8221; css=&#8221;.vc_custom_1626088714372{margin-top: 0px !important;margin-bottom: 60px !important;padding-top: 0px !important;}&#8221; z_index=&#8221;&#8221;][vc_column width=&#8221;1\/4&#8243;][vc_column_text css=&#8221;.vc_custom_1643494481563{margin-top: 0px !important;padding-top: 0px !important;}&#8221;]<\/p>\n<p style=\"text-align: left;\"><a href=\"https:\/\/www.arbitrationassociation.org\/profil-clana\/65\" target=\"_blank\" rel=\"noopener\">Baklaja Boris<\/a><br \/>\n<a href=\"https:\/\/www.arbitrationassociation.org\/profil-clana\/361\" target=\"_blank\" rel=\"noopener\">Dabi\u0107 Sne\u017eana<\/a><br \/>\n<a href=\"https:\/\/www.arbitrationassociation.org\/profil-clana\/343\" target=\"_blank\" rel=\"noopener\">Kova\u010devi\u0107 Nenad<\/a><br \/>\n<a href=\"https:\/\/www.arbitrationassociation.org\/profil-clana\/71\" target=\"_blank\" rel=\"noopener\">Lali\u0107 Tijana<\/a><br \/>\n<a href=\"https:\/\/www.arbitrationassociation.org\/wp-content\/uploads\/2021\/07\/Profil-arbitra-CV-Loncar-Milos.pdf\" target=\"_blank\" rel=\"noopener\">Lon\u010dar Milo\u0161<\/a><br \/>\n<a href=\"https:\/\/www.arbitrationassociation.org\/wp-content\/uploads\/2021\/07\/Profil-arbitra-CV-Miroslav-Malesevic.pdf\" target=\"_blank\" rel=\"noopener\">Male\u0161evi\u0107 Miroslav<\/a><br \/>\n<a href=\"https:\/\/www.arbitrationassociation.org\/wp-content\/uploads\/2021\/07\/Profil-arbitra-CV-Nikola-Mihailovic.pdf\" target=\"_blank\" rel=\"noopener\">Mihailovi\u0107 Nikola<\/a><br \/>\n<a href=\"https:\/\/www.arbitrationassociation.org\/profil-clana\/67\" target=\"_blank\" rel=\"noopener\">Psodorov Dragan<\/a><br \/>\n<a href=\"https:\/\/www.arbitrationassociation.org\/wp-content\/uploads\/2021\/07\/Profil-arbitra-CV-Ivana-Sulocki-Radojev.pdf\" target=\"_blank\" rel=\"noopener\">Radojev Sulocki Ivana<\/a><br \/>\n<a href=\"https:\/\/www.arbitrationassociation.org\/profil-clana\/351\" target=\"_blank\" rel=\"noopener\">Raki\u0107 Goran<\/a><br \/>\n<a href=\"https:\/\/www.arbitrationassociation.org\/profil-clana\/765\/\" target=\"_blank\" rel=\"noopener\">Risti\u0107 <\/a><a href=\"https:\/\/www.arbitrationassociation.org\/profil-clana\/765\/\" target=\"_blank\" rel=\"noopener\">Bojana<\/a><\/p>\n<p>[\/vc_column_text][\/vc_column][vc_column width=&#8221;1\/4&#8243;][vc_column_text css=&#8221;.vc_custom_1643108113495{margin-top: 0px !important;padding-top: 0px !important;}&#8221;]<\/p>\n<p style=\"text-align: left;\"><a href=\"https:\/\/www.arbitrationassociation.org\/profil-clana\/791\" target=\"_blank\" rel=\"noopener\">Smaji\u0107 Milo\u0161<\/a><br \/>\n<a href=\"https:\/\/www.arbitrationassociation.org\/profil-clana\/337\/\" target=\"_blank\" rel=\"noopener\">Predrag Spasi\u0107<\/a><br \/>\n<a href=\"https:\/\/www.arbitrationassociation.org\/profil-clana\/7\" target=\"_blank\" rel=\"noopener\">Stankovi\u0107 Sanja<\/a><br \/>\n<a href=\"https:\/\/www.arbitrationassociation.org\/profil-clana\/632\" target=\"_blank\" rel=\"noopener\">Tomi\u0107 Nikola<\/a><br \/>\n<a href=\"https:\/\/www.arbitrationassociation.org\/wp-content\/uploads\/2021\/07\/Profil-arbitra-CV-Nebojsa-Vukovic.pdf\" target=\"_blank\" rel=\"noopener\">Vukovi\u0107 Neboj\u0161a<\/a><br \/>\n<a href=\"https:\/\/www.arbitrationassociation.org\/wp-content\/uploads\/2021\/07\/Profil-arbitra-CV-Aleksandar-Ciric.pdf\" target=\"_blank\" rel=\"noopener\">\u0106iri\u0107 Aleksandar<\/a><br \/>\n<a href=\"https:\/\/www.arbitrationassociation.org\/profil-clana\/487\" target=\"_blank\" rel=\"noopener\">\u0106ur\u010di\u0107 Nemanja<\/a><br \/>\n<a href=\"https:\/\/www.arbitrationassociation.org\/wp-content\/uploads\/2021\/07\/Profil-arbitra-CV-Zdravko-Sajatovic.pdf\" target=\"_blank\" rel=\"noopener\">\u0160ajatovi\u0107 Zdravko<\/a><br \/>\n<a href=\"https:\/\/www.arbitrationassociation.org\/profil-clana\/54\" target=\"_blank\" rel=\"noopener\">\u017divkovi\u0107 Milo\u0161<\/a><\/p>\n<p>[\/vc_column_text][\/vc_column][vc_column width=&#8221;1\/4&#8243; offset=&#8221;vc_hidden-xs&#8221;][\/vc_column][vc_column width=&#8221;1\/4&#8243; offset=&#8221;vc_hidden-xs&#8221;][\/vc_column][\/vc_row]<\/p>\n","protected":false},"excerpt":{"rendered":"<p>[vc_row css_animation=&#8221;&#8221; row_type=&#8221;row&#8221; use_row_as_full_screen_section=&#8221;no&#8221; type=&#8221;full_width&#8221; angled_section=&#8221;no&#8221; text_align=&#8221;left&#8221; background_image_as_pattern=&#8221;without_pattern&#8221;][vc_column][vc_row_inner row_type=&#8221;row&#8221; type=&#8221;full_width&#8221; text_align=&#8221;left&#8221; css_animation=&#8221;&#8221;][vc_column_inner][\/vc_column_inner][\/vc_row_inner][vc_column_text css=&#8221;.vc_custom_1626090761647{margin-top: 60px !important;}&#8221;] BAC administers arbitration in disputes arising from transactions at the Commodity Exchange in Novi Sad. The Commodity Exchange is well known for its trade in agricultural commodities, but it has&#8230;<\/p>\n","protected":false},"author":1,"featured_media":0,"parent":656,"menu_order":0,"comment_status":"closed","ping_status":"closed","template":"","meta":{"footnotes":""},"class_list":["post-4095","page","type-page","status-publish","hentry"],"_links":{"self":[{"href":"https:\/\/www.arbitrationassociation.org\/en\/wp-json\/wp\/v2\/pages\/4095","targetHints":{"allow":["GET"]}}],"collection":[{"href":"https:\/\/www.arbitrationassociation.org\/en\/wp-json\/wp\/v2\/pages"}],"about":[{"href":"https:\/\/www.arbitrationassociation.org\/en\/wp-json\/wp\/v2\/types\/page"}],"author":[{"embeddable":true,"href":"https:\/\/www.arbitrationassociation.org\/en\/wp-json\/wp\/v2\/users\/1"}],"replies":[{"embeddable":true,"href":"https:\/\/www.arbitrationassociation.org\/en\/wp-json\/wp\/v2\/comments?post=4095"}],"version-history":[{"count":14,"href":"https:\/\/www.arbitrationassociation.org\/en\/wp-json\/wp\/v2\/pages\/4095\/revisions"}],"predecessor-version":[{"id":4176,"href":"https:\/\/www.arbitrationassociation.org\/en\/wp-json\/wp\/v2\/pages\/4095\/revisions\/4176"}],"up":[{"embeddable":true,"href":"https:\/\/www.arbitrationassociation.org\/en\/wp-json\/wp\/v2\/pages\/656"}],"wp:attachment":[{"href":"https:\/\/www.arbitrationassociation.org\/en\/wp-json\/wp\/v2\/media?parent=4095"}],"curies":[{"name":"wp","href":"https:\/\/api.w.org\/{rel}","templated":true}]}}