{"id":690,"date":"2015-02-11T07:23:33","date_gmt":"2015-02-11T07:23:33","guid":{"rendered":"https:\/\/develop.arbitrationassociation.org\/?page_id=690"},"modified":"2021-01-24T14:34:12","modified_gmt":"2021-01-24T13:34:12","slug":"pocetna","status":"publish","type":"page","link":"https:\/\/www.arbitrationassociation.org\/en\/","title":{"rendered":"Home"},"content":{"rendered":"<p>[vc_row css_animation=&#8221;&#8221; row_type=&#8221;row&#8221; use_row_as_full_screen_section=&#8221;no&#8221; type=&#8221;grid&#8221; angled_section=&#8221;no&#8221; text_align=&#8221;left&#8221; background_image_as_pattern=&#8221;with_pattern&#8221; z_index=&#8221;&#8221; css=&#8221;.vc_custom_1602749865129{border-top-width: 8px !important;padding-bottom: 100px !important;border-top-color: #cccccc !important;border-top-style: solid !important;}&#8221; background_image=&#8221;3353&#8243;][vc_column css=&#8221;.vc_custom_1602687886535{margin-top: 80px !important;}&#8221;][vc_column_text css=&#8221;.vc_custom_1606746498662{margin-bottom: 30px !important;}&#8221;]<\/p>\n<h2 style=\"text-align: center;\">Arbitration Association<\/h2>\n<p>[\/vc_column_text][vc_separator type=&#8221;small&#8221; position=&#8221;center&#8221; color=&#8221;#67b7e1&#8243;][vc_column_text]<\/p>\n<p style=\"text-align: left;\">You are interested in arbitration and wish to represent parties in arbitration or become an arbitrator? Join the world of arbitration. Get involved in the activities of our Association and highlight your qualifications on our website.<\/p>\n<p style=\"text-align: left;\">Arbitration Association is a voluntary, non-governmental and non-profit association of legal professionals that currently gathers over 100 members \u2013 attorneys, university professors and lecturers, judges and commercial lawyers in Serbia with expertise in domestic and international arbitration.<\/p>\n<p style=\"text-align: left;\">The Association was established in 2013, for the purposes of promoting arbitration as a dispute settlement mechanism, supporting the development of the arbitration law and practice in Serbia and the region as well as educating and raising public awareness of the importance of arbitration and alternative dispute resolution mechanisms. The membership in the Association is open to graduate lawyers and arbitration practitioners notwithstanding their nationality or age. The admission criteria are regulated under Article 7 of the\u00a0<a href=\"https:\/\/www.arbitrationassociation.org\/wp-content\/uploads\/2019\/06\/Arbitration-Association-Articles-of-Association_2019-1.pdf\">Articles of Association<\/a>.<\/p>\n<p style=\"text-align: left;\">The main activities of the Arbitration Association are focused on further enhancement of education in the field of arbitration, including organizing and executing professional training sessions, conferences, seminars, workshops and programs for professional development of its members and interested third parties.<\/p>\n<p style=\"text-align: left;\">Furthermore, in view of promoting more effective, business-oriented and cost-savvy arbitral practice in Serbia and the region the Arbitration Association established the Belgrade Arbitration Center (BAC) \u2013 a permanent arbitral institution that administers domestic and foreign disputes, assists in technical and administrative aspects of ad hoc arbitral proceedings, organizes and conducts mediation sessions and provides other services closely related to dispute settlement.<\/p>\n<p>[\/vc_column_text][vc_row_inner row_type=&#8221;row&#8221; type=&#8221;full_width&#8221; text_align=&#8221;center&#8221; css_animation=&#8221;&#8221;][vc_column_inner width=&#8221;1\/4&#8243;][\/vc_column_inner][vc_column_inner width=&#8221;1\/4&#8243; css=&#8221;.vc_custom_1606577056656{margin-top: 60px !important;}&#8221;]<a  itemprop=\"url\" href=\"https:\/\/www.arbitrationassociation.org\/en\/become-a-member\/\" target=\"_self\" data-hover-background-color='#4eade0' data-hover-border-color='#4eade0' data-hover-color='#ffffff' class=\"qbutton  large center enlarge\" style=\"color: #ffffff; border-color: #4eade0; border-radius: 5px;-moz-border-radius: 5px;-webkit-border-radius: 5px; background-color: #67b7e1;\">Become a member<\/a>[\/vc_column_inner][vc_column_inner width=&#8221;1\/4&#8243; css=&#8221;.vc_custom_1606577064366{margin-top: 60px !important;}&#8221;]<a  itemprop=\"url\" href=\"https:\/\/www.arbitrationassociation.org\/en\/about-us\/\" target=\"_self\" data-hover-background-color='#4eade0' data-hover-border-color='#4eade0' data-hover-color='#ffffff' class=\"qbutton  large center enlarge\" style=\"color: #ffffff; border-color: #4eade0; border-radius: 5px;-moz-border-radius: 5px;-webkit-border-radius: 5px; background-color: #67b7e1;\">Read More<\/a>[\/vc_column_inner][vc_column_inner width=&#8221;1\/4&#8243;][\/vc_column_inner][\/vc_row_inner][\/vc_column][\/vc_row][vc_row css_animation=&#8221;&#8221; row_type=&#8221;row&#8221; use_row_as_full_screen_section=&#8221;no&#8221; type=&#8221;grid&#8221; angled_section=&#8221;no&#8221; text_align=&#8221;left&#8221; background_image_as_pattern=&#8221;without_pattern&#8221; z_index=&#8221;&#8221; css=&#8221;.vc_custom_1602779112182{border-top-width: 8px !important;padding-bottom: 100px !important;background-image: url(https:\/\/www.arbitrationassociation.org\/wp-content\/uploads\/2020\/10\/slide-3.jpg?id=3544) !important;background-position: center !important;background-repeat: no-repeat !important;background-size: cover !important;border-top-color: #67b7e1 !important;border-top-style: solid !important;}&#8221;][vc_column css=&#8221;.vc_custom_1602687886535{margin-top: 80px !important;}&#8221;][vc_column_text css=&#8221;.vc_custom_1606749265494{margin-bottom: 30px !important;}&#8221;]<\/p>\n<h2 style=\"text-align: center;\"><span style=\"color: #ffffff;\">Belgrade Arbitration Center<\/span><\/h2>\n<p>[\/vc_column_text][vc_separator type=&#8221;small&#8221; position=&#8221;center&#8221; color=&#8221;#67b7e1&#8243;][vc_column_text]<\/p>\n<p style=\"text-align: left;\"><span style=\"color: #eaeaea;\">Belgrade Arbitration Center recommends to parties to include the following clause in their contracts:<\/span><\/p>\n<p style=\"text-align: left;\"><span style=\"color: #eaeaea;\"><em>\u201eAll disputes arising out of or in connection with the present contract shall be finally settled by arbitration organized in accordance with the Rules of the Belgrade Arbitration Center (the Belgrade Rules).\u201c<\/em><\/span><\/p>\n<p style=\"text-align: left;\"><span style=\"color: #eaeaea;\">Parties may consider adding the following:<\/span><\/p>\n<ul>\n<li><span style=\"color: #eaeaea;\">The number of arbitrators shall be (specify: one or three).<\/span><\/li>\n<li><span style=\"color: #eaeaea;\">The place of arbitration shall be (specify: city and State).<\/span><\/li>\n<li><span style=\"color: #eaeaea;\">The language to be used in the arbitral proceedings shall be (specify preferably one language only).<\/span><\/li>\n<li><span style=\"color: #eaeaea;\">The applicable substantive law shall be (specify the applicable law).<\/span><\/li>\n<\/ul>\n<p>[\/vc_column_text][vc_row_inner row_type=&#8221;row&#8221; type=&#8221;full_width&#8221; text_align=&#8221;center&#8221; css_animation=&#8221;&#8221; css=&#8221;.vc_custom_1602769146217{margin-top: 60px !important;}&#8221;][vc_column_inner]<a  itemprop=\"url\" href=\"https:\/\/www.arbitrationassociation.org\/en\/belgrade-arbitration-center\/\" target=\"_self\" data-hover-background-color='#cccccc' data-hover-border-color='#cccccc' data-hover-color='#666666' class=\"qbutton  large center enlarge\" style=\"color: #666666; border-color: #cccccc; border-radius: 5px;-moz-border-radius: 5px;-webkit-border-radius: 5px; background-color: #f2f2f2;\">Read More<\/a>[\/vc_column_inner][\/vc_row_inner][\/vc_column][\/vc_row][vc_row css_animation=&#8221;&#8221; row_type=&#8221;row&#8221; use_row_as_full_screen_section=&#8221;no&#8221; type=&#8221;grid&#8221; angled_section=&#8221;no&#8221; text_align=&#8221;left&#8221; background_image_as_pattern=&#8221;without_pattern&#8221; z_index=&#8221;&#8221; css=&#8221;.vc_custom_1602749834524{border-top-width: 1px !important;padding-top: 80px !important;padding-bottom: 80px !important;border-top-color: #cccccc !important;border-top-style: solid !important;}&#8221; background_color=&#8221;#f3f3f3&#8243;][vc_column][vc_column_text css=&#8221;.vc_custom_1606749304251{margin-bottom: 30px !important;}&#8221;]<\/p>\n<h2 style=\"text-align: center;\">Latest Posts<\/h2>\n<p>[\/vc_column_text][vc_separator type=&#8221;small&#8221; position=&#8221;center&#8221; color=&#8221;#67b7e1&#8243; down=&#8221;60&#8243;]\n<div class='latest_post_holder dividers three_columns one_row' >\n    <ul>\n    \n        <li class=\"clearfix\">\n            <div class=\"boxes_image\">\n                                <a itemprop=\"url\" href=\"https:\/\/www.arbitrationassociation.org\/en\/invitation-to-the-2025-rima-winter-academy-on-international-arbitration\/\"><img loading=\"lazy\" decoding=\"async\" width=\"214\" height=\"303\" src=\"https:\/\/www.arbitrationassociation.org\/wp-content\/uploads\/2024\/10\/Winter-Academy-2025_Flyer-2-pdf.jpg\" class=\"attachment-latest_post_boxes size-latest_post_boxes wp-post-image\" alt=\"\" \/><\/a>\n            <\/div>\n            <div class=\"latest_post\"  >\n                <div class=\"latest_post_text\">\n                    <div class=\"latest_post_inner\">\n                        <div itemprop=\"dateCreated\" class=\"latest_post_date entry_date updated\">\n                            <div class=\"latest_post_day\">25<\/div>\n                            <div class=\"latest_post_month\">Oct<\/div>\n                            <meta itemprop=\"interactionCount\" content=\"UserComments: 0\" \/>\n                        <\/div>\n\n                        <div class=\"latest_post_text_inner\">\n                            <h3 itemprop=\"name\" class=\"latest_post_title entry_title\"><a itemprop=\"url\" href=\"https:\/\/www.arbitrationassociation.org\/en\/invitation-to-the-2025-rima-winter-academy-on-international-arbitration\/\">Invitation to the 2025 RIMA Winter Academy on International Arbitration<\/a><\/h3>\n                            <p class=\"excerpt\">The Belgrade Arbitration Center is proud to be a media partner of the 2025 RIMA Winter Academy on International Arbitration, which will be held online from January 20 to February 1...<\/p>                            <span class=\"post_infos\">\n\n                                \n                                                                    <a itemprop=\"url\" class=\"post_comments\" href=\"https:\/\/www.arbitrationassociation.org\/en\/invitation-to-the-2025-rima-winter-academy-on-international-arbitration\/#respond\">No comment<\/a>\n                                \n                                                                        <span class=\"blog_like\"><a  href=\"#\" class=\"qode-like\" id=\"qode-like-4386\" title=\"Like this\">0<span>  Likes<\/span><\/a><\/span>\n                                \n                                                            <\/span>\n\n                        <\/div>\n                    <\/div>\n                <\/div>\n            <\/div>\n        <\/li>\n        \n        <li class=\"clearfix\">\n            <div class=\"boxes_image\">\n                                <a itemprop=\"url\" href=\"https:\/\/www.arbitrationassociation.org\/en\/presented-gaso-knezevic-awards-for-the-best-student-papers\/\"><img loading=\"lazy\" decoding=\"async\" width=\"345\" height=\"303\" src=\"https:\/\/www.arbitrationassociation.org\/wp-content\/uploads\/2024\/09\/GK-vest-345x303.png\" class=\"attachment-latest_post_boxes size-latest_post_boxes wp-post-image\" alt=\"\" \/><\/a>\n            <\/div>\n            <div class=\"latest_post\"  >\n                <div class=\"latest_post_text\">\n                    <div class=\"latest_post_inner\">\n                        <div itemprop=\"dateCreated\" class=\"latest_post_date entry_date updated\">\n                            <div class=\"latest_post_day\">30<\/div>\n                            <div class=\"latest_post_month\">Sep<\/div>\n                            <meta itemprop=\"interactionCount\" content=\"UserComments: 0\" \/>\n                        <\/div>\n\n                        <div class=\"latest_post_text_inner\">\n                            <h3 itemprop=\"name\" class=\"latest_post_title entry_title\"><a itemprop=\"url\" href=\"https:\/\/www.arbitrationassociation.org\/en\/presented-gaso-knezevic-awards-for-the-best-student-papers\/\">Presented &#8220;Ga\u0161o Kne\u017eevi\u0107&#8221; Awards for the best student papers<\/a><\/h3>\n                            <p class=\"excerpt\">The University of Belgrade Faculty of Law and Serbian Arbitration Association have jointly organized traditional essay prize contest in honor of late Professor Ga\u0161o Kne\u017eevi\u0107. After...<\/p>                            <span class=\"post_infos\">\n\n                                \n                                                                    <a itemprop=\"url\" class=\"post_comments\" href=\"https:\/\/www.arbitrationassociation.org\/en\/presented-gaso-knezevic-awards-for-the-best-student-papers\/#respond\">No comment<\/a>\n                                \n                                                                        <span class=\"blog_like\"><a  href=\"#\" class=\"qode-like\" id=\"qode-like-4378\" title=\"Like this\">1<span>  Like<\/span><\/a><\/span>\n                                \n                                                            <\/span>\n\n                        <\/div>\n                    <\/div>\n                <\/div>\n            <\/div>\n        <\/li>\n        \n        <li class=\"clearfix\">\n            <div class=\"boxes_image\">\n                                <a itemprop=\"url\" href=\"https:\/\/www.arbitrationassociation.org\/en\/member-of-the-arbitration-association-mateja-djurovic-appointed-as-a-judge-of-the-european-court-of-human-rights\/\"><img loading=\"lazy\" decoding=\"async\" width=\"539\" height=\"303\" src=\"https:\/\/www.arbitrationassociation.org\/wp-content\/uploads\/2024\/07\/Mateja-D-photo-539x303.jpg\" class=\"attachment-latest_post_boxes size-latest_post_boxes wp-post-image\" alt=\"\" \/><\/a>\n            <\/div>\n            <div class=\"latest_post\"  >\n                <div class=\"latest_post_text\">\n                    <div class=\"latest_post_inner\">\n                        <div itemprop=\"dateCreated\" class=\"latest_post_date entry_date updated\">\n                            <div class=\"latest_post_day\">09<\/div>\n                            <div class=\"latest_post_month\">Jul<\/div>\n                            <meta itemprop=\"interactionCount\" content=\"UserComments: 0\" \/>\n                        <\/div>\n\n                        <div class=\"latest_post_text_inner\">\n                            <h3 itemprop=\"name\" class=\"latest_post_title entry_title\"><a itemprop=\"url\" href=\"https:\/\/www.arbitrationassociation.org\/en\/member-of-the-arbitration-association-mateja-djurovic-appointed-as-a-judge-of-the-european-court-of-human-rights\/\">Member of the Arbitration Association, Mateja \u0110urovi\u0107, appointed as a judge of the European court of human rights<\/a><\/h3>\n                            <p class=\"excerpt\">The Parliamentary Assembly of the Council of Europe elected, as a representative of Serbia, Mateja \u0110urovi\u0107 as a judge of the European Court for Human Rights in Strasbourg. Mateja \u0110...<\/p>                            <span class=\"post_infos\">\n\n                                \n                                                                    <a itemprop=\"url\" class=\"post_comments\" href=\"https:\/\/www.arbitrationassociation.org\/en\/member-of-the-arbitration-association-mateja-djurovic-appointed-as-a-judge-of-the-european-court-of-human-rights\/#respond\">No comment<\/a>\n                                \n                                                                        <span class=\"blog_like\"><a  href=\"#\" class=\"qode-like\" id=\"qode-like-4344\" title=\"Like this\">1<span>  Like<\/span><\/a><\/span>\n                                \n                                                            <\/span>\n\n                        <\/div>\n                    <\/div>\n                <\/div>\n            <\/div>\n        <\/li>\n            <\/ul>\n<\/div>[\/vc_column][\/vc_row]<\/p>\n","protected":false},"excerpt":{"rendered":"<p>[vc_row css_animation=&#8221;&#8221; row_type=&#8221;row&#8221; use_row_as_full_screen_section=&#8221;no&#8221; type=&#8221;grid&#8221; angled_section=&#8221;no&#8221; text_align=&#8221;left&#8221; background_image_as_pattern=&#8221;with_pattern&#8221; z_index=&#8221;&#8221; css=&#8221;.vc_custom_1602749865129{border-top-width: 8px !important;padding-bottom: 100px !important;border-top-color: #cccccc !important;border-top-style: solid !important;}&#8221; background_image=&#8221;3353&#8243;][vc_column css=&#8221;.vc_custom_1602687886535{margin-top: 80px !important;}&#8221;][vc_column_text css=&#8221;.vc_custom_1606746498662{margin-bottom: 30px !important;}&#8221;] Arbitration Association [\/vc_column_text][vc_separator type=&#8221;small&#8221; position=&#8221;center&#8221; color=&#8221;#67b7e1&#8243;][vc_column_text] You are interested in arbitration and wish to represent parties in arbitration or become&#8230;<\/p>\n","protected":false},"author":1,"featured_media":0,"parent":0,"menu_order":0,"comment_status":"open","ping_status":"closed","template":"full_width.php","meta":{"footnotes":""},"class_list":["post-690","page","type-page","status-publish","hentry"],"_links":{"self":[{"href":"https:\/\/www.arbitrationassociation.org\/en\/wp-json\/wp\/v2\/pages\/690","targetHints":{"allow":["GET"]}}],"collection":[{"href":"https:\/\/www.arbitrationassociation.org\/en\/wp-json\/wp\/v2\/pages"}],"about":[{"href":"https:\/\/www.arbitrationassociation.org\/en\/wp-json\/wp\/v2\/types\/page"}],"author":[{"embeddable":true,"href":"https:\/\/www.arbitrationassociation.org\/en\/wp-json\/wp\/v2\/users\/1"}],"replies":[{"embeddable":true,"href":"https:\/\/www.arbitrationassociation.org\/en\/wp-json\/wp\/v2\/comments?post=690"}],"version-history":[{"count":28,"href":"https:\/\/www.arbitrationassociation.org\/en\/wp-json\/wp\/v2\/pages\/690\/revisions"}],"predecessor-version":[{"id":4041,"href":"https:\/\/www.arbitrationassociation.org\/en\/wp-json\/wp\/v2\/pages\/690\/revisions\/4041"}],"wp:attachment":[{"href":"https:\/\/www.arbitrationassociation.org\/en\/wp-json\/wp\/v2\/media?parent=690"}],"curies":[{"name":"wp","href":"https:\/\/api.w.org\/{rel}","templated":true}]}}